{"id":4320,"date":"2024-01-26T18:19:55","date_gmt":"2024-01-26T17:19:55","guid":{"rendered":"https:\/\/www.official-sable.com\/?post_type=product&#038;p=4320"},"modified":"2024-02-02T21:35:35","modified_gmt":"2024-02-02T20:35:35","slug":"portachiavi-doppio-girasole","status":"publish","type":"product","link":"https:\/\/www.official-sable.com\/it\/prodotto\/portachiavi-doppio-girasole\/","title":{"rendered":"Portachiavi Doppio &#8211; Girasole &amp; Oro"},"content":{"rendered":"<p>Portachiavi doppio &#8211; girasole e oro<\/p>\n<ul>\n<li>Il Portachiavi Sable nasce con l&#8217;obiettivo di diffondere amore e positivit\u00e0. Alleggerire le giornate e regalarvi momenti felici. Un portachiavi pu\u00f2 essere un amuleto, un compagno, un oggetto.. a ognuno il suo significato. Il cuore \u00e8 diventato l\u2019unica forma iconica del portachiavi Sable.<\/li>\n<li>Crea il tuo portachiavi mescolando e giocando con i cuoricini.<\/li>\n<li>Il Prodotto \u00e8 unico: i colori disponibili variano in base alle pelli che abbiamo a disposizione. Ogni pezzo \u00e8 limitato e spesso non riproducibile.<\/li>\n<li>#spreadthelove!<\/li>\n<\/ul>\n","protected":false},"excerpt":{"rendered":"<p>portachiavi doppio in pelle di coccodrillo gialla con accessori in metallo dorati<\/p>\n","protected":false},"featured_media":4337,"template":"","meta":[],"product_brand":[],"product_cat":[128,114,124],"product_tag":[],"class_list":{"0":"post-4320","1":"product","2":"type-product","3":"status-publish","4":"has-post-thumbnail","6":"product_cat-guida-regali","7":"product_cat-portachiavi","8":"product_cat-portachiavi-doppio","10":"first","11":"outofstock","12":"shipping-taxable","13":"purchasable","14":"product-type-simple","15":"thumb-has-effect","16":"prod-rating-on","17":"prod-has-rating"},"_links":{"self":[{"href":"https:\/\/www.official-sable.com\/it\/wp-json\/wp\/v2\/product\/4320","targetHints":{"allow":["GET"]}}],"collection":[{"href":"https:\/\/www.official-sable.com\/it\/wp-json\/wp\/v2\/product"}],"about":[{"href":"https:\/\/www.official-sable.com\/it\/wp-json\/wp\/v2\/types\/product"}],"wp:featuredmedia":[{"embeddable":true,"href":"https:\/\/www.official-sable.com\/it\/wp-json\/wp\/v2\/media\/4337"}],"wp:attachment":[{"href":"https:\/\/www.official-sable.com\/it\/wp-json\/wp\/v2\/media?parent=4320"}],"wp:term":[{"taxonomy":"product_brand","embeddable":true,"href":"https:\/\/www.official-sable.com\/it\/wp-json\/wp\/v2\/product_brand?post=4320"},{"taxonomy":"product_cat","embeddable":true,"href":"https:\/\/www.official-sable.com\/it\/wp-json\/wp\/v2\/product_cat?post=4320"},{"taxonomy":"product_tag","embeddable":true,"href":"https:\/\/www.official-sable.com\/it\/wp-json\/wp\/v2\/product_tag?post=4320"}],"curies":[{"name":"wp","href":"https:\/\/api.w.org\/{rel}","templated":true}]}}