{"id":4270,"date":"2024-01-26T17:52:15","date_gmt":"2024-01-26T16:52:15","guid":{"rendered":"https:\/\/www.official-sable.com\/?post_type=product&#038;p=4270"},"modified":"2025-09-17T13:23:02","modified_gmt":"2025-09-17T11:23:02","slug":"portachiavi-doppio-marrone","status":"publish","type":"product","link":"https:\/\/www.official-sable.com\/it\/prodotto\/portachiavi-doppio-marrone\/","title":{"rendered":"Portachiavi Doppio &#8211; Marrone &amp; Oro"},"content":{"rendered":"<p>Portachiavi Doppio &#8211; Marrone &amp; Oro<\/p>\n<ul>\n<li>Il Portachiavi Sable nasce con l&#8217;obiettivo di diffondere amore e positivit\u00e0. Alleggerire le giornate e regalarvi momenti felici. Un portachiavi pu\u00f2 essere un amuleto, un compagno, un oggetto.. a ognuno il suo significato. Il cuore \u00e8 diventato l\u2019unica forma iconica del portachiavi Sable.<\/li>\n<li>Crea il tuo portachiavi mescolando e giocando con i cuoricini.<\/li>\n<li>Il cuore come simbolo di amore. I colori dei portachiavi variano a seconda della disponibilit\u00e0 delle pelli. Sono pezzi unici e spesso non riproducibili!<\/li>\n<li>#spreadthelove!<\/li>\n<\/ul>\n","protected":false},"excerpt":{"rendered":"<p>portachiavi doppio in pelle di coccodrillo marrone con accessori in metallo dorati<\/p>\n","protected":false},"featured_media":4272,"template":"","meta":[],"product_brand":[],"product_cat":[114,124],"product_tag":[],"class_list":{"0":"post-4270","1":"product","2":"type-product","3":"status-publish","4":"has-post-thumbnail","6":"product_cat-portachiavi","7":"product_cat-portachiavi-doppio","9":"first","10":"outofstock","11":"shipping-taxable","12":"purchasable","13":"product-type-simple","14":"thumb-has-effect","15":"prod-rating-on","16":"prod-has-rating"},"_links":{"self":[{"href":"https:\/\/www.official-sable.com\/it\/wp-json\/wp\/v2\/product\/4270","targetHints":{"allow":["GET"]}}],"collection":[{"href":"https:\/\/www.official-sable.com\/it\/wp-json\/wp\/v2\/product"}],"about":[{"href":"https:\/\/www.official-sable.com\/it\/wp-json\/wp\/v2\/types\/product"}],"wp:featuredmedia":[{"embeddable":true,"href":"https:\/\/www.official-sable.com\/it\/wp-json\/wp\/v2\/media\/4272"}],"wp:attachment":[{"href":"https:\/\/www.official-sable.com\/it\/wp-json\/wp\/v2\/media?parent=4270"}],"wp:term":[{"taxonomy":"product_brand","embeddable":true,"href":"https:\/\/www.official-sable.com\/it\/wp-json\/wp\/v2\/product_brand?post=4270"},{"taxonomy":"product_cat","embeddable":true,"href":"https:\/\/www.official-sable.com\/it\/wp-json\/wp\/v2\/product_cat?post=4270"},{"taxonomy":"product_tag","embeddable":true,"href":"https:\/\/www.official-sable.com\/it\/wp-json\/wp\/v2\/product_tag?post=4270"}],"curies":[{"name":"wp","href":"https:\/\/api.w.org\/{rel}","templated":true}]}}