{"id":2869,"date":"2023-08-31T16:10:08","date_gmt":"2023-08-31T14:10:08","guid":{"rendered":"http:\/\/sable.zonalab.it\/?post_type=product&#038;p=2869"},"modified":"2024-02-02T21:29:49","modified_gmt":"2024-02-02T20:29:49","slug":"double-keychains-baby-sky","status":"publish","type":"product","link":"https:\/\/www.official-sable.com\/it\/prodotto\/double-keychains-baby-sky\/","title":{"rendered":"Portachiavi Doppio &#8211; Azzurro Cielo &amp; Argento"},"content":{"rendered":"<p>portachiavi doppio con accessorio in argento colore baby azzurro<\/p>\n<ul>\n<li>Il Portachiavi Sable nasce con l&#8217;obiettivo di diffondere amore e positivit\u00e0. Alleggerire le giornate e regalarvi momenti felici. Un portachiavi pu\u00f2 essere un amuleto, un compagno, un oggetto.. a ognuno il suo significato. Il cuore \u00e8 diventato l\u2019unica forma iconica del portachiavi Sable.<\/li>\n<li>Crea il tuo portachiavi mescolando e giocando con i cuoricini.<\/li>\n<li>Il Prodotto \u00e8 unico: i colori disponibili variano in base alle pelli che abbiamo a disposizione. Ogni pezzo \u00e8 limitato e spesso non riproducibile.<\/li>\n<li>#spreadthelove!<\/li>\n<\/ul>\n","protected":false},"excerpt":{"rendered":"<p>portachiavi doppio con accessorio in metallo in color argento. colore baby azzurro. Pelle di coccodrillo.<\/p>\n","protected":false},"featured_media":2871,"template":"","meta":[],"product_brand":[],"product_cat":[114,124],"product_tag":[],"class_list":{"0":"post-2869","1":"product","2":"type-product","3":"status-publish","4":"has-post-thumbnail","6":"product_cat-portachiavi","7":"product_cat-portachiavi-doppio","9":"first","10":"outofstock","11":"shipping-taxable","12":"purchasable","13":"product-type-simple","14":"thumb-has-effect","15":"prod-rating-on","16":"prod-has-rating"},"_links":{"self":[{"href":"https:\/\/www.official-sable.com\/it\/wp-json\/wp\/v2\/product\/2869","targetHints":{"allow":["GET"]}}],"collection":[{"href":"https:\/\/www.official-sable.com\/it\/wp-json\/wp\/v2\/product"}],"about":[{"href":"https:\/\/www.official-sable.com\/it\/wp-json\/wp\/v2\/types\/product"}],"wp:featuredmedia":[{"embeddable":true,"href":"https:\/\/www.official-sable.com\/it\/wp-json\/wp\/v2\/media\/2871"}],"wp:attachment":[{"href":"https:\/\/www.official-sable.com\/it\/wp-json\/wp\/v2\/media?parent=2869"}],"wp:term":[{"taxonomy":"product_brand","embeddable":true,"href":"https:\/\/www.official-sable.com\/it\/wp-json\/wp\/v2\/product_brand?post=2869"},{"taxonomy":"product_cat","embeddable":true,"href":"https:\/\/www.official-sable.com\/it\/wp-json\/wp\/v2\/product_cat?post=2869"},{"taxonomy":"product_tag","embeddable":true,"href":"https:\/\/www.official-sable.com\/it\/wp-json\/wp\/v2\/product_tag?post=2869"}],"curies":[{"name":"wp","href":"https:\/\/api.w.org\/{rel}","templated":true}]}}