{"id":7181,"date":"2025-12-01T18:41:22","date_gmt":"2025-12-01T17:41:22","guid":{"rendered":"https:\/\/www.official-sable.com\/?page_id=7181"},"modified":"2025-12-01T19:14:01","modified_gmt":"2025-12-01T18:14:01","slug":"sable-del-conte","status":"publish","type":"page","link":"https:\/\/www.official-sable.com\/it\/sable-del-conte\/","title":{"rendered":"SABLE &#038; DEL CONTE"},"content":{"rendered":"<div class=\"wpb-content-wrapper\"><p>[vc_row][vc_column][vc_column_text css=&#8221;&#8221;]<\/p>\n<h4 style=\"text-align: center;\">La qualit\u00e0 che resta<\/h4>\n<p>[\/vc_column_text][vc_column_text css=&#8221;&#8221;]SABLE nasce per dare valore a ci\u00f2 che rischia di essere dimenticato.\u2028\u00c8 il modo in cui vediamo le cose: recuperare, trasformare, dare continuit\u00e0. Oggi questo percorso si apre anche ad altre realt\u00e0 che condividono la nostra visione.\u2028A partire dai capi rimasti in magazzino del brand DEL CONTE che ha concluso la propria attivit\u00e0 nel settore della pelletteria \u2014 che per\u00f2 prosegue concentrandosi esclusivamente sull\u2019argenteria \u2014 vogliamo offrire una nuova possibilit\u00e0 a prodotti gi\u00e0 nati, ma ancora pieni di valore. Non li abbiamo creati noi, ma condividiamo la stessa idea di responsabilit\u00e0: ridurre lo spreco, rispettare le risorse, prolungare la vita degli oggetti.\u2028Crediamo che la sostenibilit\u00e0 passi anche da qui \u2014 dal rispetto per ci\u00f2 che gi\u00e0 esiste e dall\u2019impegno nel non sprecare ci\u00f2 che \u00e8 stato realizzato con cura.[\/vc_column_text][vc_media_grid element_width=&#8221;12&#8243; gap=&#8221;0&#8243; item=&#8221;masonryMedia_Default&#8221; css=&#8221;&#8221; grid_id=&#8221;vc_gid:1764612787811-1a8a4b31-59f7-10&#8243; include=&#8221;7187&#8243;][vc_column_text css=&#8221;&#8221;]Del Conte \u00e8 un marchio con una lunga tradizione nella lavorazione della pelle e degli accessori. Ogni pezzo \u00e8 realizzato con materiali di alta qualit\u00e0 e racconta l\u2019attenzione, la cura e il sapere artigianale che da sempre caratterizzano il marchio.\u2028Un equilibrio tra eleganza e solidit\u00e0[\/vc_column_text][vc_media_grid element_width=&#8221;12&#8243; gap=&#8221;0&#8243; item=&#8221;masonryMedia_Default&#8221; css=&#8221;&#8221; grid_id=&#8221;vc_gid:1764612787811-49fe6792-6cb1-7&#8243; include=&#8221;7189&#8243;][vc_column_text css=&#8221;&#8221;]I prodotti Del Conte che entrano a far parte del progetto SABLE sono realizzati in pelle di alta qualit\u00e0, con finiture in argento e lavorazioni artigianali italiane. Abbiamo scelto di selezionare solo i pezzi che condividono con noi l\u2019essenza del materiale e l\u2019idea di durata: oggetti costruiti per resistere nel tempo, che oggi tornano a raccontare la loro storia insieme a noi.[\/vc_column_text][vc_masonry_media_grid element_width=&#8221;12&#8243; gap=&#8221;0&#8243; css=&#8221;&#8221; grid_id=&#8221;vc_gid:1764612787812-cb6bb735-c6c9-7&#8243; include=&#8221;7191&#8243;][vc_column_text css=&#8221;&#8221;]<\/p>\n<p style=\"text-align: center;\"><em>xxx Agnese<\/em><\/p>\n<p>[\/vc_column_text][\/vc_column][\/vc_row][vc_row disable_element=&#8221;yes&#8221;][vc_column][vc_btn title=&#8221;ACQUISTA SU LUISAVIAROMA&#8221; color=&#8221;green&#8221; align=&#8221;center&#8221; link=&#8221;url:https%3A%2F%2Fwww.luisaviaroma.com%2Fen-it%2Fshop%2Fwomen%2Fannagreta%2Faccessories%2Fbelts%3Flvrid%3D_gw_dxn9_i3_c51|target:_blank|&#8221;][\/vc_column][\/vc_row]<\/p>\n<\/div>","protected":false},"excerpt":{"rendered":"<p>[vc_row][vc_column][vc_column_text css=&#8221;&#8221;] La qualit\u00e0 che resta [\/vc_column_text][vc_column_text css=&#8221;&#8221;]SABLE nasce per dare valore a ci\u00f2 che rischia di essere dimenticato.\u2028\u00c8 il&hellip;<\/p>\n","protected":false},"author":1,"featured_media":0,"parent":0,"menu_order":0,"comment_status":"closed","ping_status":"closed","template":"","meta":{"footnotes":""},"class_list":["post-7181","page","type-page","status-publish","hentry"],"_links":{"self":[{"href":"https:\/\/www.official-sable.com\/it\/wp-json\/wp\/v2\/pages\/7181","targetHints":{"allow":["GET"]}}],"collection":[{"href":"https:\/\/www.official-sable.com\/it\/wp-json\/wp\/v2\/pages"}],"about":[{"href":"https:\/\/www.official-sable.com\/it\/wp-json\/wp\/v2\/types\/page"}],"author":[{"embeddable":true,"href":"https:\/\/www.official-sable.com\/it\/wp-json\/wp\/v2\/users\/1"}],"replies":[{"embeddable":true,"href":"https:\/\/www.official-sable.com\/it\/wp-json\/wp\/v2\/comments?post=7181"}],"version-history":[{"count":5,"href":"https:\/\/www.official-sable.com\/it\/wp-json\/wp\/v2\/pages\/7181\/revisions"}],"predecessor-version":[{"id":7185,"href":"https:\/\/www.official-sable.com\/it\/wp-json\/wp\/v2\/pages\/7181\/revisions\/7185"}],"wp:attachment":[{"href":"https:\/\/www.official-sable.com\/it\/wp-json\/wp\/v2\/media?parent=7181"}],"curies":[{"name":"wp","href":"https:\/\/api.w.org\/{rel}","templated":true}]}}