{"id":4539,"date":"2024-02-22T18:09:14","date_gmt":"2024-02-22T17:09:14","guid":{"rendered":"https:\/\/www.official-sable.com\/?page_id=4539"},"modified":"2024-05-08T17:36:14","modified_gmt":"2024-05-08T15:36:14","slug":"sable-e-le-tre-sarte","status":"publish","type":"page","link":"https:\/\/www.official-sable.com\/it\/sable-e-le-tre-sarte\/","title":{"rendered":"SABLE &amp; LE TRE SARTE"},"content":{"rendered":"<div class=\"wpb-content-wrapper\"><p>[vc_row][vc_column][vc_column_text]<\/p>\n<h4 style=\"text-align: center;\">Sable e &#8220;Le tre sarte&#8221;, un design semplice ed elegante<\/h4>\n<p>[\/vc_column_text][vc_column_text]Ciao!<br \/>\nVi racconto della collaborazione con la boutique Le tre Sarte, una sartoria romana contemporanea che condivide i nostri valori e l\u2019amore per l\u2019handmade.<br \/>\nInsieme, abbiamo creato una capsule collection di sandali unici fatti a mano, realizzati con pelle di coccodrillo ricavata dallo stock di vecchie collezioni.<br \/>\nSia io, Agnese ( Sable&#8217;s founder) che Camilla ( L3S&#8217;s founder) ci siamo trovate subito affini sia nelle idee che nella passione per ci\u00f2 che \u00e8 bello.[\/vc_column_text][vc_media_grid item=&#8221;masonryMedia_Default&#8221; grid_id=&#8221;vc_gid:1715180787478-22c49f8c-dda8-0&#8243; include=&#8221;4574,4546,4548,4572,4616,4886&#8243;][vc_column_text]Per realizzare questa collaborazione sono stata a Roma nella deliziosa boutique di Le Tre Sarte. Camilla mi ha accolto con una meravigliosa tavola apparecchiata fuori dalla boutique con un pranzo tipico romano.<br \/>\nCon un&#8217;accoglienza cos\u00ec non pu\u00f2 che uscirne qualcosa di speciale.[\/vc_column_text][vc_media_grid element_width=&#8221;3&#8243; item=&#8221;masonryMedia_Default&#8221; grid_id=&#8221;vc_gid:1715180787479-3bfdd76e-2815-2&#8243; include=&#8221;4552,4883,4558,4556&#8243;][vc_column_text]Immaginatevi dei sandali dal design semplice ma straordinariamente elegante: due fasce avvolgono delicatamente il vostro piede. Ma qui viene la parte davvero speciale: potete personalizzarli come volete! Potete scegliere le fascette sul momento e mescolare i colori come preferite, creando cos\u00ec un sandalo unico e perfettamente in sintonia con il vostro stile.[\/vc_column_text][vc_media_grid item=&#8221;masonryMedia_Default&#8221; grid_id=&#8221;vc_gid:1715180787479-740b6a58-f043-3&#8243; include=&#8221;4560,4562,4568&#8243;][vc_column_text]Ogni paio di sandali \u00e8 realizzato a mano con cura e maestria dai nostri artigiani.<br \/>\nStare a piedi nudi \u00e8 bellissimo, s\u00ec, ma con i nostri sandali un po &#8216;di pi\u00f9![\/vc_column_text][vc_media_grid item=&#8221;masonryMedia_Default&#8221; grid_id=&#8221;vc_gid:1715180787480-de0c8385-433e-7&#8243; include=&#8221;4577,4585,4583,4579,4581,4564&#8243;][vc_column_text]Perch\u00e9 questa collaborazione \u00e8 cos\u00ec speciale? Sable e Le Tre Sarte condividono la stessa anima creativa e la stessa visione estetica. Insieme, abbiamo dato vita a una collezione fresca, colorata e vibrante, che rappresenta il connubio perfetto tra la tradizione artigianale italiana e uno stile unico e contemporaneo.<br \/>\nI sandali vengono con una borsetta a tracolla, pensata per poter essere riutilizzata come piu vi piace![\/vc_column_text][vc_media_grid item=&#8221;masonryMedia_Default&#8221; grid_id=&#8221;vc_gid:1715180787480-713d3b5f-e9ea-9&#8243; include=&#8221;4594,4592,4588,4590,4620,4622&#8243;][vc_column_text]<\/p>\n<p style=\"text-align: center;\">Siamo davvero entusiasti di presentare questi sandali , che esprimono l&#8217;eleganza senza tempo e la personalit\u00e0 che caratterizzano sia Sable che Le Tre Sarte.<br \/>\nUnisciti a noi in questa avventura straordinaria! Scopri la bellezza dei sandali &#8220;Sable x Le Tre Sarte&#8221;.<\/p>\n<p style=\"text-align: center;\"><em>xxx Agnese<\/em><\/p>\n<p>[\/vc_column_text][\/vc_column][\/vc_row][vc_row disable_element=&#8221;yes&#8221;][vc_column][vc_btn title=&#8221;ACAQUISTA SU LUISAVIAROMA&#8221; color=&#8221;green&#8221; align=&#8221;center&#8221; link=&#8221;url:https%3A%2F%2Fwww.luisaviaroma.com%2Fen-it%2Fshop%2Fwomen%2Fannagreta%2Faccessories%2Fbelts%3Flvrid%3D_gw_dxn9_i3_c51|target:_blank|&#8221;][\/vc_column][\/vc_row]<\/p>\n<\/div>","protected":false},"excerpt":{"rendered":"<p>[vc_row][vc_column][vc_column_text] Sable e &#8220;Le tre sarte&#8221;, un design semplice ed elegante [\/vc_column_text][vc_column_text]Ciao! Vi racconto della collaborazione con la boutique Le&hellip;<\/p>\n","protected":false},"author":1,"featured_media":0,"parent":0,"menu_order":0,"comment_status":"closed","ping_status":"closed","template":"","meta":{"footnotes":""},"class_list":["post-4539","page","type-page","status-publish","hentry"],"_links":{"self":[{"href":"https:\/\/www.official-sable.com\/it\/wp-json\/wp\/v2\/pages\/4539","targetHints":{"allow":["GET"]}}],"collection":[{"href":"https:\/\/www.official-sable.com\/it\/wp-json\/wp\/v2\/pages"}],"about":[{"href":"https:\/\/www.official-sable.com\/it\/wp-json\/wp\/v2\/types\/page"}],"author":[{"embeddable":true,"href":"https:\/\/www.official-sable.com\/it\/wp-json\/wp\/v2\/users\/1"}],"replies":[{"embeddable":true,"href":"https:\/\/www.official-sable.com\/it\/wp-json\/wp\/v2\/comments?post=4539"}],"version-history":[{"count":12,"href":"https:\/\/www.official-sable.com\/it\/wp-json\/wp\/v2\/pages\/4539\/revisions"}],"predecessor-version":[{"id":5208,"href":"https:\/\/www.official-sable.com\/it\/wp-json\/wp\/v2\/pages\/4539\/revisions\/5208"}],"wp:attachment":[{"href":"https:\/\/www.official-sable.com\/it\/wp-json\/wp\/v2\/media?parent=4539"}],"curies":[{"name":"wp","href":"https:\/\/api.w.org\/{rel}","templated":true}]}}