{"id":2095,"date":"2018-07-23T10:11:14","date_gmt":"2018-07-23T08:11:14","guid":{"rendered":"http:\/\/sable.zonalab.it\/chi-siamo\/"},"modified":"2023-08-24T12:23:06","modified_gmt":"2023-08-24T10:23:06","slug":"chi-siamo","status":"publish","type":"page","link":"https:\/\/www.official-sable.com\/it\/chi-siamo\/","title":{"rendered":"Chi Siamo"},"content":{"rendered":"<div class=\"wpb-content-wrapper\"><p>[vc_row][vc_column]<div id=\"la_divider69f6546b1b2ac\" class=\"js-el la-divider la-unit-responsive\" data-la_component=\"UnitResponsive\"  data-el_target='#la_divider69f6546b1b2ac'  data-el_media_sizes='{&quot;padding-top&quot;:&quot;xlg:120px;lg:70px;md:50px;&quot;}' ><\/div>\n[\/vc_column][\/vc_row][vc_row][vc_column la_animation_duration=&#8221;1&#8243; la_animation_delay=&#8221;0&#8243; la_animation_iteration_count=&#8221;1&#8243; offset=&#8221;vc_col-md-5&#8243;][vc_single_image image=&#8221;1251&#8243; img_size=&#8221;full&#8221; alignment=&#8221;center&#8221; el_class=&#8221;margin-bottom-0&#8243;][\/vc_column][vc_column la_animation_duration=&#8221;1&#8243; la_animation_delay=&#8221;0&#8243; la_animation_iteration_count=&#8221;1&#8243; offset=&#8221;vc_col-md-offset-1 vc_col-md-6&#8243; css=&#8221;.vc_custom_1688983423365{margin-top: 30px !important;}&#8221;]<div id=\"la_heading_69f6546b1b43a\" class=\"la-headings text-left\"><h2 class=\"js-el heading-tag la-unit-responsive\" style=\"\"  data-la_component=\"UnitResponsive\"  data-el_target='#la_heading_69f6546b1b43a .heading-tag'  data-el_media_sizes='{&quot;font-size&quot;:&quot;lg:32px;md:24px;sm:20px;&quot;,&quot;line-height&quot;:&quot;&quot;}' >La Fondatrice<\/h2><div class=\"js-el subheading-tag la-unit-responsive padding-top-15\" style=\"\"  data-la_component=\"UnitResponsive\"  data-el_target='#la_heading_69f6546b1b43a .subheading-tag'  data-el_media_sizes='{&quot;font-size&quot;:&quot;lg:16px;&quot;,&quot;line-height&quot;:&quot;lg:24px;&quot;}' ><p>Ciao!<br \/>\nSono Agnese, la fondatrice di <strong>SABLE<\/strong>.<br \/>\nInizialmente ho creato <strong>SABLE<\/strong> per esprimere la mia immaginazione: da una piccola idea e da qualche illustrazione \u00e8 nato un business di cinture in pelle di coccodrillo dallo stile unico.<\/p>\n<p>Man mano che <strong>SABLE<\/strong> cresceva, ho deciso subito di portarlo al livello successivo impegnandomi per una causa sostenibile e utilizzando, per la maggior parte, pezzi di pelle di recupero al fine di evitare gli sprechi e aiutare il nostro pianeta.<\/p>\n<p>Da oltre due anni, il mio obiettivo \u00e8 quello di utilizzare materiali che altrimenti sarebbero sprecati e trasformarli in prodotti unici e sostenibili.<\/p>\n<\/div><\/div>\n<div id=\"la_heading_69f6546b1b589\" class=\"la-headings text-left\"><div class=\"js-el subheading-tag la-unit-responsive padding-top-15\" style=\"\"  data-la_component=\"UnitResponsive\"  data-el_target='#la_heading_69f6546b1b589 .subheading-tag'  data-el_media_sizes='{&quot;font-size&quot;:&quot;lg:16px;&quot;,&quot;line-height&quot;:&quot;lg:24px;&quot;}' ><p>Sable \u00e8 un progetto che ho avviato quando vivevo a Milano, ho portato avanti a Madrid e ora gestisco da Firenze.<br \/>\nLa mia passione per la moda e la sostenibilit\u00e0 mi ha portato ad avviare la mia attivit\u00e0: Sable.<br \/>\nQuando vivevo a Milano ero davvero affascinata da tutti i colori e le scintille che mi circondavano cos\u00ec come la questione dei rifiuti mi deludeva molto.<br \/>\nCon l&#8217;obiettivo di evitare sprechi e di offrire qualcosa di nuovo al mercato ho iniziato a pensare di creare una mia attivit\u00e0 concentrandomi sulla sostenibilit\u00e0. Grazie al sostegno di mia madre, che ha creduto in me fin dal primo giorno, dei miei artigiani e di mia sorella, che si \u00e8 recentemente unita al team, Sable \u00e8 diventato una realt\u00e0 in crescita che mira a portare l&#8217;artigianato e l&#8217;originalit\u00e0 in tutto il mondo.<\/p>\n<\/div><\/div>\n<div id=\"la_divider69f6546b1b636\" class=\"js-el la-divider la-unit-responsive\" data-la_component=\"UnitResponsive\"  data-el_target='#la_divider69f6546b1b636'  data-el_media_sizes='{&quot;padding-top&quot;:&quot;lg:15px;&quot;}' ><\/div>\n[\/vc_column][\/vc_row][vc_row][vc_column]<div id=\"la_divider69f6546b1b6af\" class=\"js-el la-divider la-unit-responsive\" data-la_component=\"UnitResponsive\"  data-el_target='#la_divider69f6546b1b6af'  data-el_media_sizes='{&quot;padding-top&quot;:&quot;lg:80px;sm:40px;xs:20px;&quot;}' ><\/div>\n[\/vc_column][\/vc_row][vc_row][vc_column la_animation_duration=&#8221;1&#8243; la_animation_delay=&#8221;0&#8243; la_animation_iteration_count=&#8221;1&#8243; offset=&#8221;vc_col-md-5&#8243;]<div id=\"la_heading_69f6546b1b78a\" class=\"la-headings text-left\"><h2 class=\"js-el heading-tag la-unit-responsive\" style=\"\"  data-la_component=\"UnitResponsive\"  data-el_target='#la_heading_69f6546b1b78a .heading-tag'  data-el_media_sizes='{&quot;font-size&quot;:&quot;lg:32px;md:24px;sm:20px;&quot;,&quot;line-height&quot;:&quot;&quot;}' >Riguardo il mondo Sable<\/h2><div class=\"js-el subheading-tag la-unit-responsive padding-top-15\" style=\"\"  data-la_component=\"UnitResponsive\"  data-el_target='#la_heading_69f6546b1b78a .subheading-tag'  data-el_media_sizes='{&quot;font-size&quot;:&quot;lg:16px;&quot;,&quot;line-height&quot;:&quot;lg:24px;&quot;}' ><p>Sable \u00e8 un marchio di pelle esotica etica, riciclata e sostenibile. Gli scarti di pelle di alta qualit\u00e0 vengono recuperati e trasformati in una variet\u00e0 di accessori funzionali come portacarte, portatovaglioli, collari per animali domestici o portafogli, consentendo ai materiali tagliati di risplendere.<br \/>\nIl marchio attualizza la visione e il desiderio di Agnese di mostrare le tradizioni artigianali attraverso la sua lente fresca e creativa che infonde una seconda vita e un significato ai materiali riciclati.<br \/>\nLa libert\u00e0 di creare, la costante ricerca di materiali meravigliosi e la trasmissione di un know-how eccezionale &#8211; che consente la creazione di oggetti utili ed eleganti che resistono alla prova del tempo &#8211; forgiano l&#8217;unicit\u00e0 di sable.<\/p>\n<\/div><\/div>\n<div id=\"la_heading_69f6546b1b8a0\" class=\"la-headings text-left\"><h2 class=\"js-el heading-tag la-unit-responsive\" style=\"\"  data-la_component=\"UnitResponsive\"  data-el_target='#la_heading_69f6546b1b8a0 .heading-tag'  data-el_media_sizes='{&quot;font-size&quot;:&quot;lg:32px;md:24px;sm:20px;&quot;,&quot;line-height&quot;:&quot;&quot;}' >Il Materiale<\/h2><div class=\"js-el subheading-tag la-unit-responsive padding-top-15\" style=\"\"  data-la_component=\"UnitResponsive\"  data-el_target='#la_heading_69f6546b1b8a0 .subheading-tag'  data-el_media_sizes='{&quot;font-size&quot;:&quot;lg:16px;&quot;,&quot;line-height&quot;:&quot;lg:24px;&quot;}' ><p>In <strong>SABLE<\/strong>, ogni prodotto \u00e8 unico perch\u00e9 realizzato a partire da limitati quantitativi di pelle. La <strong>creativit\u00e0<\/strong>, <strong>l&#8217;unicit\u00e0<\/strong> e l&#8217;artigianalit\u00e0 sono i valori che guidano il nostro lavoro.<br \/>\n<strong>Siamo fermamente convinti che ogni cosa meriti una seconda chance, per questo utilizziamo i ritagli di pelle per creare prodotti sostenibili e unici, capaci di raccontare una storia. Grazie al nostro approccio, diamo nuova vita a materiali che altrimenti andrebbero sprecati e li trasformiamo in accessori che esprimono la nostra passione per l&#8217;artigianato e la sostenibilit\u00e0.<\/strong><\/p>\n<\/div><\/div>\n<div id=\"la_heading_69f6546b1b9ba\" class=\"la-headings text-left vc_custom_1686648308937 calamaro\"><h2 class=\"js-el heading-tag la-unit-responsive\" style=\"\"  data-la_component=\"UnitResponsive\"  data-el_target='#la_heading_69f6546b1b9ba .heading-tag'  data-el_media_sizes='{&quot;font-size&quot;:&quot;lg:32px;md:24px;sm:20px;&quot;,&quot;line-height&quot;:&quot;&quot;}' >Il Laboratorio SABLE<\/h2><div class=\"js-el subheading-tag la-unit-responsive padding-top-15\" style=\"\"  data-la_component=\"UnitResponsive\"  data-el_target='#la_heading_69f6546b1b9ba .subheading-tag'  data-el_media_sizes='{&quot;font-size&quot;:&quot;lg:16px;&quot;,&quot;line-height&quot;:&quot;lg:24px;&quot;}' ><p>Il laboratorio dove vengono creati i prodotti SABLE si trova a Santa Croce sull&#8217;Arno, una piccola cittadina vicino a Firenze famosa per le sue concerie di pelle. Gli artigiani SABLE recuperano ritagli di pelle di alta qualit\u00e0, spesso risultati di sovrapproduzione, e li trasformano in diversi accessori come cinture, portachiavi e porta carte. Ogni pezzo \u00e8 fatto a mano dai nostri artigiani locali, che lavorano la pelle con passione e orgoglio, tramandando la loro abilit\u00e0 di generazione in generazione<br \/>\nAs you walk through the tiny factory, you will see Stefano and he&#8217;s father working with precision and care, cutting and stitching each piece of leather together to create a finished product that is both beautiful and durable. \u00e8 un processo che richiede abilit\u00e0, pazienza e una profonda comprensione del materiale trattato.<\/p>\n<\/div><\/div>\n<div id=\"la_divider69f6546b1ba6e\" class=\"js-el la-divider la-unit-responsive\" data-la_component=\"UnitResponsive\"  data-el_target='#la_divider69f6546b1ba6e'  data-el_media_sizes='{&quot;padding-top&quot;:&quot;lg:10px;&quot;}' ><\/div>\n[\/vc_column][vc_column la_animation_duration=&#8221;1&#8243; la_animation_delay=&#8221;0&#8243; la_animation_iteration_count=&#8221;1&#8243; offset=&#8221;vc_col-md-offset-1 vc_col-md-6&#8243; css=&#8221;.vc_custom_1688466274498{padding-top: 100px !important;}&#8221;][vc_single_image image=&#8221;1259&#8243; img_size=&#8221;full&#8221; alignment=&#8221;center&#8221;][\/vc_column][\/vc_row][vc_row][vc_column]<div id=\"la_divider69f6546b1bae2\" class=\"js-el la-divider la-unit-responsive\" data-la_component=\"UnitResponsive\"  data-el_target='#la_divider69f6546b1bae2'  data-el_media_sizes='{&quot;padding-top&quot;:&quot;lg:70px;xs:20px;&quot;}' ><\/div>\n[\/vc_column][\/vc_row][vc_row css=&#8221;.vc_custom_1689847196188{background-color: #f9f9f9 !important;}&#8221;][vc_column la_animation_duration=&#8221;1&#8243; la_animation_delay=&#8221;0&#8243; la_animation_iteration_count=&#8221;1&#8243; css=&#8221;.vc_custom_1689847279715{padding-right: 30px !important;padding-left: 30px !important;}&#8221;]<div id=\"la_heading_69f6546b1bbba\" class=\"la-headings text-center vc_custom_1689847111119\"><h2 class=\"js-el heading-tag la-unit-responsive\" style=\"\"  data-la_component=\"UnitResponsive\"  data-el_target='#la_heading_69f6546b1bbba .heading-tag'  data-el_media_sizes='{&quot;font-size&quot;:&quot;lg:32px;md:24px;sm:20px;&quot;,&quot;line-height&quot;:&quot;&quot;}' >Mission Statement<\/h2><div class=\"js-el subheading-tag la-unit-responsive padding-top-15\" style=\"\"  data-la_component=\"UnitResponsive\"  data-el_target='#la_heading_69f6546b1bbba .subheading-tag'  data-el_media_sizes='{&quot;font-size&quot;:&quot;lg:16px;&quot;,&quot;line-height&quot;:&quot;lg:24px;&quot;}' ><p style=\"text-align: left;\">&#8220;At Sable, we are committed to creating sustainable fashion that celebrates craftsmanship, uniqueness and creativity. Our mission is to offer an alternative to the traditional fast fashion industry by creating high-quality, beautiful pieces that minimize waste and have a positive impact on the environment. We believe in working with local artisans and using sustainable materials to create timeless pieces that can be enjoyed for years to come. Our goal is to inspire and empower our customers to make more conscious choices and to embrace a more sustainable way of living.&#8221;<\/p>\n<\/div><\/div>\n[vc_gallery type=&#8221;image_grid&#8221; images=&#8221;1261,1262,1263,1264&#8243; img_size=&#8221;200&#215;200&#8243; css=&#8221;.vc_custom_1689847226373{padding-bottom: 25px !important;}&#8221; el_class=&#8221;calamaro&#8221;][\/vc_column][\/vc_row][vc_row][vc_column la_animation_duration=&#8221;1&#8243; la_animation_delay=&#8221;0&#8243; la_animation_iteration_count=&#8221;1&#8243; offset=&#8221;vc_col-md-5&#8243;]<div id=\"la_heading_69f6546b1bcca\" class=\"la-headings text-left\"><h2 class=\"js-el heading-tag la-unit-responsive\" style=\"\"  data-la_component=\"UnitResponsive\"  data-el_target='#la_heading_69f6546b1bcca .heading-tag'  data-el_media_sizes='{&quot;font-size&quot;:&quot;lg:32px;md:24px;sm:20px;&quot;,&quot;line-height&quot;:&quot;&quot;}' >Una poesia per Sable<\/h2><div class=\"js-el subheading-tag la-unit-responsive padding-top-15\" style=\"\"  data-la_component=\"UnitResponsive\"  data-el_target='#la_heading_69f6546b1bcca .subheading-tag'  data-el_media_sizes='{&quot;font-size&quot;:&quot;lg:16px;&quot;,&quot;line-height&quot;:&quot;lg:24px;&quot;}' ><p>In Florence, a dream took flight<br \/>\nA passion for fashion, a love for the right<br \/>\nSable was born, a vision so bright<br \/>\nCraftsmanship and sustainability, the perfect sight<br \/>\nFrom Milan to Madrid, the journey began<br \/>\nA desire to make a difference, to take a stand<br \/>\nAgainst waste and pollution, a problem so grand<br \/>\nSable was created, a vision so grand<br \/>\nThe colors and sparkle, so inspiring to see<br \/>\nA world of beauty, a world of possibility<br \/>\nSable offers something new, something free<br \/>\nA world of sustainability, a world for you and me<br \/>\nThanks to a mother&#8217;s belief, the dream took flight<br \/>\nArtisans and sister, a team so tight<br \/>\nSable is growing, a reality so bright<br \/>\nCraftsmanship and uniqueness, a true delight<br \/>\nSo let us embrace Sable, a vision so pure<br \/>\nA world of sustainability, a world so sure<br \/>\nCraftsmanship and uniqueness, a perfect cure<br \/>\nFor a world in need, so let us all endure.<\/p>\n<\/div><\/div>\n<div id=\"la_divider69f6546b1bd98\" class=\"js-el la-divider la-unit-responsive\" data-la_component=\"UnitResponsive\"  data-el_target='#la_divider69f6546b1bd98'  data-el_media_sizes='{&quot;padding-top&quot;:&quot;lg:10px;&quot;}' ><\/div>\n[\/vc_column][vc_column la_animation_duration=&#8221;1&#8243; la_animation_delay=&#8221;0&#8243; la_animation_iteration_count=&#8221;1&#8243; offset=&#8221;vc_col-md-offset-1 vc_col-md-6&#8243;][vc_single_image image=&#8221;1633&#8243; img_size=&#8221;full&#8221; alignment=&#8221;center&#8221;][\/vc_column][\/vc_row][vc_row full_width=&#8221;stretch_row_content&#8221; css=&#8221;.vc_custom_1686645654750{background-color: #f9f9f9 !important;}&#8221;][vc_column la_animation_duration=&#8221;1&#8243; la_animation_delay=&#8221;0&#8243; la_animation_iteration_count=&#8221;1&#8243;]<div id=\"la_heading_69f6546b1be84\" class=\"la-headings text-center vc_custom_1692872441953 calamaro\"><h2 class=\"js-el heading-tag la-unit-responsive\" style=\"\"  data-la_component=\"UnitResponsive\"  data-el_target='#la_heading_69f6546b1be84 .heading-tag'  data-el_media_sizes='{&quot;font-size&quot;:&quot;lg:32px;md:24px;sm:20px;&quot;,&quot;line-height&quot;:&quot;&quot;}' >VALORI AZIENDALI<\/h2><div class=\"js-el subheading-tag la-unit-responsive padding-top-15\" style=\"\"  data-la_component=\"UnitResponsive\"  data-el_target='#la_heading_69f6546b1be84 .subheading-tag'  data-el_media_sizes='{&quot;font-size&quot;:&quot;lg:16px;&quot;,&quot;line-height&quot;:&quot;lg:24px;&quot;}' ><p style=\"text-align: center;\"><strong>1. Sostenibilit\u00e0<\/strong><strong><br \/>\n<\/strong> ci impegniamo a creare moda sostenibile che riduca gli sprechi e abbia un impatto positivo sull&#8217;ambiente.<br \/>\nthat minimizes waste and has a positive impact on the environment.<br \/>\n<strong>2.<\/strong> <strong>Artigianalit\u00e0<br \/>\n<\/strong>crediamo nella collaborazione con artigiani locali e<br \/>\nnell&#8217;uso di tecniche tradizionali per creare pezzi di alta qualit\u00e0 e di grande bellezza.<br \/>\n<strong>3.<\/strong> <strong>Unicit\u00e0<br \/>\n<\/strong>celebriamo l&#8217;individualit\u00e0 e cerchiamo di creare pezzi unici<br \/>\nche riflettano lo stile e la personalit\u00e0 di ogni cliente..<br \/>\n<strong>4.<\/strong> <strong>Creativit\u00e0<br \/>\n<\/strong>affrontiamo la moda con creativit\u00e0 e innovazione, spingendo costantemente<br \/>\ni limiti di ci\u00f2 che \u00e8 possibile nella moda sostenibile.<br \/>\n<strong>5.<\/strong> <strong>Trasparenza<br \/>\n<\/strong>siamo trasparenti con i nostri clienti riguardo ai nostri materiali,<br \/>\nai metodi di produzione e all&#8217;impatto del nostro business sull&#8217;ambiente.<br \/>\n<strong>6. Potenziamento<br \/>\n<\/strong>il nostro obiettivo \u00e8 ispirare e potenziare i nostri clienti a fare scelte pi\u00f9 consapevoli<br \/>\ne ad abbracciare uno stile di vita pi\u00f9 sostenibile.<br \/>\n<strong>7. Collaborazione<br \/>\n<\/strong>valorizziamo la collaborazione e crediamo che lavorare insieme ai nostri clienti,<br \/>\nartigiani e partner sia fondamentale per raggiungere la nostra missione.<\/p>\n<\/div><\/div>\n[\/vc_column][\/vc_row]<\/p>\n<\/div>","protected":false},"excerpt":{"rendered":"<p>[vc_row][vc_column][\/vc_column][\/vc_row][vc_row][vc_column la_animation_duration=&#8221;1&#8243; la_animation_delay=&#8221;0&#8243; la_animation_iteration_count=&#8221;1&#8243; offset=&#8221;vc_col-md-5&#8243;][vc_single_image image=&#8221;1251&#8243; img_size=&#8221;full&#8221; alignment=&#8221;center&#8221; el_class=&#8221;margin-bottom-0&#8243;][\/vc_column][vc_column la_animation_duration=&#8221;1&#8243; la_animation_delay=&#8221;0&#8243; la_animation_iteration_count=&#8221;1&#8243; offset=&#8221;vc_col-md-offset-1 vc_col-md-6&#8243; css=&#8221;.vc_custom_1688983423365{margin-top: 30px !important;}&#8221;][\/vc_column][\/vc_row][vc_row][vc_column][\/vc_column][\/vc_row][vc_row][vc_column la_animation_duration=&#8221;1&#8243; la_animation_delay=&#8221;0&#8243; la_animation_iteration_count=&#8221;1&#8243;&hellip;<\/p>\n","protected":false},"author":1,"featured_media":0,"parent":0,"menu_order":0,"comment_status":"closed","ping_status":"closed","template":"","meta":{"footnotes":""},"class_list":["post-2095","page","type-page","status-publish","hentry"],"_links":{"self":[{"href":"https:\/\/www.official-sable.com\/it\/wp-json\/wp\/v2\/pages\/2095","targetHints":{"allow":["GET"]}}],"collection":[{"href":"https:\/\/www.official-sable.com\/it\/wp-json\/wp\/v2\/pages"}],"about":[{"href":"https:\/\/www.official-sable.com\/it\/wp-json\/wp\/v2\/types\/page"}],"author":[{"embeddable":true,"href":"https:\/\/www.official-sable.com\/it\/wp-json\/wp\/v2\/users\/1"}],"replies":[{"embeddable":true,"href":"https:\/\/www.official-sable.com\/it\/wp-json\/wp\/v2\/comments?post=2095"}],"version-history":[{"count":4,"href":"https:\/\/www.official-sable.com\/it\/wp-json\/wp\/v2\/pages\/2095\/revisions"}],"predecessor-version":[{"id":2119,"href":"https:\/\/www.official-sable.com\/it\/wp-json\/wp\/v2\/pages\/2095\/revisions\/2119"}],"wp:attachment":[{"href":"https:\/\/www.official-sable.com\/it\/wp-json\/wp\/v2\/media?parent=2095"}],"curies":[{"name":"wp","href":"https:\/\/api.w.org\/{rel}","templated":true}]}}